{"id":230,"date":"2022-08-17T23:27:02","date_gmt":"2022-08-17T23:27:02","guid":{"rendered":"https:\/\/ccdep.ca\/?page_id=230"},"modified":"2022-11-26T16:52:24","modified_gmt":"2022-11-26T16:52:24","slug":"institutional-and-home-care-assistance","status":"publish","type":"page","link":"https:\/\/ccdep.ca\/en\/institutional-and-home-care-assistance\/","title":{"rendered":"Institutional and Home Care Assistance"},"content":{"rendered":"<p>[et_pb_section fb_built=&#8221;1&#8243; _builder_version=&#8221;4.17.6&#8243; _module_preset=&#8221;default&#8221; custom_margin=&#8221;0px||||false|false&#8221; custom_padding=&#8221;0px||0px||false|false&#8221; global_colors_info=&#8221;{}&#8221;][et_pb_row column_structure=&#8221;1_2,1_2&#8243; use_custom_gutter=&#8221;on&#8221; _builder_version=&#8221;4.17.6&#8243; _module_preset=&#8221;default&#8221; custom_padding=&#8221;70px||4px|||&#8221; global_colors_info=&#8221;{}&#8221;][et_pb_column type=&#8221;1_2&#8243; _builder_version=&#8221;4.17.6&#8243; _module_preset=&#8221;default&#8221; custom_padding=&#8221;|0px||0px|false|false&#8221; global_colors_info=&#8221;{}&#8221;][et_pb_text _builder_version=&#8221;4.17.6&#8243; _module_preset=&#8221;default&#8221; custom_margin=&#8221;||8px|||&#8221; global_colors_info=&#8221;{}&#8221;]<\/p>\n<h1 class=\"text-white\"><strong>Institutional and Home Care Assistance<\/strong><\/h1>\n<p>[\/et_pb_text][et_pb_text _builder_version=&#8221;4.17.6&#8243; _module_preset=&#8221;default&#8221; width=&#8221;100%&#8221; max_width=&#8221;100%&#8221; custom_margin=&#8221;|0px||0px|false|false&#8221; custom_padding=&#8221;|0px||0px|false|false&#8221; global_colors_info=&#8221;{}&#8221;]<\/p>\n<table width=\"478\" style=\"height: 144px; border-color: #ffffff; width: 478px; border-style: solid;\">\n<tbody>\n<tr style=\"background-color: #2b8fc4; border-style: solid; border-color: #ffffff;\">\n<td style=\"height: 24px; width: 255.65px;\"><span style=\"color: #ffffff;\"><strong>Code<\/strong><\/span><\/td>\n<td style=\"height: 24px; width: 207.55px; text-align: right;\"><strong><span style=\"color: #ffffff;\">5858<\/span><\/strong><\/td>\n<\/tr>\n<tr style=\"background-color: #efeded; height: 24px;\">\n<td style=\"height: 24px; width: 255.65px;\"><strong>Diploma<\/strong><\/td>\n<td style=\"height: 24px; width: 207.55px; text-align: right;\">DVS<\/td>\n<\/tr>\n<tr style=\"border-style: solid; border-color: #ffffff; background-color: #2b8fc4;\">\n<td style=\"height: 24px; width: 255.65px;\"><span style=\"color: #ffffff;\"><strong>Sector<\/strong><\/span><\/td>\n<td style=\"height: 24px; width: 207.55px; text-align: right;\"><span style=\"color: #ffffff;\">Health Services<\/span><\/td>\n<\/tr>\n<tr style=\"background-color: #efeded;\">\n<td style=\"height: 24px; width: 255.65px;\"><strong>Length of training<\/strong><\/td>\n<td style=\"height: 24px; width: 207.55px; text-align: right;\">870 hours<\/td>\n<\/tr>\n<tr style=\"border-style: solid; border-color: #ffffff; background-color: #2b8fc4;\">\n<td style=\"height: 24px; width: 255.65px;\"><span style=\"color: #ffffff;\"><strong>Number of credits<\/strong><\/span><\/td>\n<td style=\"height: 24px; width: 207.55px; text-align: right;\"><span style=\"color: #ffffff;\">58<\/span><\/td>\n<\/tr>\n<tr style=\"background-color: #efeded;\">\n<td style=\"height: 24px; width: 255.65px;\"><strong>Status<\/strong><\/td>\n<td style=\"height: 24px; width: 207.55px; text-align: right;\">Program approved in 2017.<\/td>\n<\/tr>\n<\/tbody>\n<\/table>\n<p>[\/et_pb_text][et_pb_text _builder_version=&#8221;4.17.6&#8243; _module_preset=&#8221;default&#8221; global_colors_info=&#8221;{}&#8221;]<\/p>\n<h2 class=\"text-ifptblue isMinistere\">Program Objectives<\/h2>\n<p><span>The Institutional and Home Care Assistance program prepares students for the trade or occupation of patient service associate and home support worker in the health and social services sector.<\/span><\/p>\n<p><span>This profession aims to provide care and assistance in public, private and community health care networks to persons of all ages who are sick or who have physical, psychological, or psychosocial disabilities. The rationale of this occupation is to provide aid to patients so that they may recover or maintain their autonomy and overall health condition.<\/span><\/p>\n<p>[\/et_pb_text][\/et_pb_column][et_pb_column type=&#8221;1_2&#8243; _builder_version=&#8221;4.17.6&#8243; _module_preset=&#8221;default&#8221; global_colors_info=&#8221;{}&#8221;][et_pb_image src=&#8221;https:\/\/ccdep.ca\/wp-content\/uploads\/2022\/08\/DSC_0754-SW.jpg&#8221; _builder_version=&#8221;4.17.6&#8243; _module_preset=&#8221;default&#8221; global_colors_info=&#8221;{}&#8221;][\/et_pb_image][\/et_pb_column][\/et_pb_row][\/et_pb_section][et_pb_section fb_built=&#8221;1&#8243; _builder_version=&#8221;4.17.6&#8243; _module_preset=&#8221;default&#8221; custom_padding=&#8221;0px|||||&#8221; global_colors_info=&#8221;{}&#8221;][et_pb_row _builder_version=&#8221;4.17.6&#8243; _module_preset=&#8221;default&#8221; global_colors_info=&#8221;{}&#8221;][et_pb_column type=&#8221;4_4&#8243; _builder_version=&#8221;4.17.6&#8243; _module_preset=&#8221;default&#8221; global_colors_info=&#8221;{}&#8221;][et_pb_tabs active_tab_background_color=&#8221;#a7bedf&#8221; active_tab_text_color=&#8221;#303c80&#8243; _builder_version=&#8221;4.17.6&#8243; _module_preset=&#8221;default&#8221; tab_line_height=&#8221;2em&#8221; global_colors_info=&#8221;{}&#8221;][et_pb_tab title=&#8221;Program Content&#8221; _builder_version=&#8221;4.17.6&#8243; _module_preset=&#8221;default&#8221; global_colors_info=&#8221;{}&#8221;]<\/p>\n<table class=\"table table-sm table-borderless table-hover table-striped\">\n<thead class=\"bg-ifptgreen text-white\">\n<tr>\n<th class=\"w-10 text-center\">Code<\/th>\n<th class=\"w-70\">Statement of Competency<\/th>\n<th class=\"w-10 text-center\">Hours<\/th>\n<th class=\"w-10 text-center\">Credits<\/th>\n<\/tr>\n<\/thead>\n<tbody>\n<tr class=\"\">\n<td class=\"text-center\"><nobr>751-702<\/nobr><\/td>\n<td>Determine their suitability for the occupation and the training process<\/td>\n<td class=\"text-center\">30<\/td>\n<td class=\"text-center\">2<\/td>\n<\/tr>\n<tr class=\"trAlt\">\n<td class=\"text-center\"><nobr>751-714<\/nobr><\/td>\n<td>Establish a helping relationship<\/td>\n<td class=\"text-center\">60<\/td>\n<td class=\"text-center\">4<\/td>\n<\/tr>\n<tr class=\"\">\n<td class=\"text-center\"><nobr>751-724<\/nobr><\/td>\n<td>Adopt relational approaches with clients with cognitive impairments, mental health problems or neurodevelopmental disorders<\/td>\n<td class=\"text-center\">60<\/td>\n<td class=\"text-center\">4<\/td>\n<\/tr>\n<tr class=\"trAlt\">\n<td class=\"text-center\"><nobr>751-734<\/nobr><\/td>\n<td>Determine the appropriate means to respond to the needs of clients with physical illnesses and disabilities<\/td>\n<td class=\"text-center\">60<\/td>\n<td class=\"text-center\">4<\/td>\n<\/tr>\n<tr class=\"\">\n<td class=\"text-center\"><nobr>751-745<\/nobr><\/td>\n<td>Provide care related to activities of daily living (ADL)<\/td>\n<td class=\"text-center\">75<\/td>\n<td class=\"text-center\">5<\/td>\n<\/tr>\n<tr class=\"trAlt\">\n<td class=\"text-center\"><nobr>751-752<\/nobr><\/td>\n<td>Prevent infections and contamination<\/td>\n<td class=\"text-center\">30<\/td>\n<td class=\"text-center\">2<\/td>\n<\/tr>\n<tr class=\"\">\n<td class=\"text-center\"><nobr>751-768<\/nobr><\/td>\n<td>Provide assistive care related to daily activities<\/td>\n<td class=\"text-center\">120<\/td>\n<td class=\"text-center\">8<\/td>\n<\/tr>\n<tr class=\"trAlt\">\n<td class=\"text-center\"><nobr>751-772<\/nobr><\/td>\n<td>Deal with situations involving risk<\/td>\n<td class=\"text-center\">30<\/td>\n<td class=\"text-center\">2<\/td>\n<\/tr>\n<tr class=\"\">\n<td class=\"text-center\"><nobr>751-787<\/nobr><\/td>\n<td>Work with clients who require assistive care at home or in alternative living environments<\/td>\n<td class=\"text-center\">105<\/td>\n<td class=\"text-center\">7<\/td>\n<\/tr>\n<tr class=\"trAlt\">\n<td class=\"text-center\"><nobr>751-794<\/nobr><\/td>\n<td>Deal with family, social and cultural contexts<\/td>\n<td class=\"text-center\">60<\/td>\n<td class=\"text-center\">4<\/td>\n<\/tr>\n<tr class=\"\">\n<td class=\"text-center\"><nobr>751-802<\/nobr><\/td>\n<td>Provide assistance to clients in palliative and end-of-life care<\/td>\n<td class=\"text-center\">30<\/td>\n<td class=\"text-center\">2<\/td>\n<\/tr>\n<tr class=\"trAlt\">\n<td class=\"text-center\"><nobr>751-813<\/nobr><\/td>\n<td>Consider the rules and procedures for administering medications and basic invasive care involved in assistance with activities of daily living<\/td>\n<td class=\"text-center\">45<\/td>\n<td class=\"text-center\">3<\/td>\n<\/tr>\n<tr class=\"\">\n<td class=\"text-center\"><nobr>751-824<\/nobr><\/td>\n<td>Provide assistive care related to the client\u2019s clinical reality<\/td>\n<td class=\"text-center\">60<\/td>\n<td class=\"text-center\">4<\/td>\n<\/tr>\n<tr class=\"trAlt\">\n<td class=\"text-center\"><nobr>751-832<\/nobr><\/td>\n<td>Administer first aid<\/td>\n<td class=\"text-center\">30<\/td>\n<td class=\"text-center\">2<\/td>\n<\/tr>\n<tr class=\"\">\n<td class=\"text-center\"><nobr>751-845<\/nobr><\/td>\n<td>Provide assistive care to clients requiring short-term care<\/td>\n<td class=\"text-center\">75<\/td>\n<td class=\"text-center\">5<\/td>\n<\/tr>\n<\/tbody>\n<tfoot>\n<tr>\n<td colspan=\"2\"><\/td>\n<td class=\"text-center font-weight-bold\">870<\/td>\n<td class=\"text-center font-weight-bold\">58<\/td>\n<\/tr>\n<\/tfoot>\n<\/table>\n<p>[\/et_pb_tab][et_pb_tab title=&#8221;Admission Conditions and prerequisites&#8221; _builder_version=&#8221;4.17.6&#8243; _module_preset=&#8221;default&#8221; global_colors_info=&#8221;{}&#8221;]<\/p>\n<h2 class=\"text-ifptblue\"><\/h2>\n<h2 class=\"text-ifptblue\">Admission Conditions and Prerequisites<\/h2>\n<div class=\"table-responsive-sm\">\n<p>To be eligible for admission to this program, candidates must meet one of the following requirements:<\/p>\n<p>Persons holding a Secondary School Diploma or its recognized equivalent, for example, an Attestation of Equivalence of Secondary V studies, or a postsecondary diploma such as the Diploma of College Studies or a Bachelor&#8217;s degree<br \/>OR<br \/>Persons who are at least 16 years of age on September 30 of the school year in which their training is to begin and have earned the Secondary III credits in language of instruction, second language and mathematics in the programs of study established by the Minister, or have been granted recognition of equivalent learning<br \/>OR<br \/>Persons who are at least 18 years of age upon entry into the program and have the following functional prerequisites: the successful completion of the General Development Test (see the following table), or recognition of equivalent learning<br \/>OR<br \/>Persons who are at least 16 years of age on September 30 of the school year in which their vocational training is to begin in a specific program of study, who hold a Training Certificate in a Semiskilled Trade, and who earned the required credits in language of instruction, second language and mathematics in Secondary Cycle One in general education in the youth sector or in Secondary II in general education in the adult sector<br \/>OR<br \/>Persons who are at least 15 years of age as at September 30 of the current school year, are registered in a concurrent admission pilot project or in the Trades and Occupations With a Promising Future training path, are vocationally mature and have obtained Secondary II credits in language of instruction, second language and mathematics. They are pursuing their vocational training and general education (youth sector or adult sector) under concurrent admission with an integrated schedule in the Trades and Occupations with a Promising Future training path in order to earn the missing Secondary III credits required for their Diploma of Vocational Studies and their Secondary School Diploma. Authorization from the Minist\u00e8re de l\u2019\u00c9ducation is required to admit a Secondary III student registered in concurrent admission to this program.<\/p>\n<h2 class=\"text-ifptblue\">Functional Prerequisites<\/h2>\n<p>A person who has reached the age of 18 can be admitted to a program of study leading to a Diploma of vocational studies (DVS) based on functional prerequisites. These prerequisites, in place for those aged at least 18 years at the start date declared for the vocational training program, are: successful completion of the general development test (GDT) and obtaining and passing the tests relative to the specific prerequisites in the language of instruction and mathematics, if applicable.<\/p>\n<p>This table indicates the new course codes for common core basic education (CCBE) and diversified basic education (DBE) required for the specific prerequisites in language of instruction and mathematics for the targeted program of study. In the cases where the new course codes for the CCBE and the DBE are in progressive implementation, the old codes are indicated in parenthesis and are still valid. The equivalent course codes in basic education in the youth sector are also indicated in the table. When a DVS does not require any specific prerequisites in language of instruction or in mathematics, a (-) will be displayed in the appropriate field. Please note that the functional prerequisites do not apply to attestation of vocational specialty (AVS) programs.<\/p>\n<p>&nbsp;<\/p>\n<h2 class=\"text-ifptblue\">Specific Prerequisites<\/h2>\n<table id=\"tblPrealSpecif\" class=\"table table-sm table-bordered table-hover table-striped\">\n<thead class=\"bg-ifptgreen text-white\">\n<tr>\n<th id=\"a\" colspan=\"2\">Language of instruction<\/th>\n<th id=\"b\" colspan=\"2\">Second language<\/th>\n<th id=\"c\" colspan=\"2\">Mathematics<\/th>\n<\/tr>\n<tr>\n<th id=\"c\" headers=\"a\">Adults<\/th>\n<th id=\"d\" headers=\"a\">Youth<\/th>\n<th id=\"e\" headers=\"a\">Adults<\/th>\n<th id=\"f\" headers=\"a\">Youth<\/th>\n<th id=\"g\" headers=\"c\">Adults<\/th>\n<th id=\"h\" headers=\"c\">Youth<\/th>\n<\/tr>\n<\/thead>\n<tbody>\n<tr>\n<td headers=\"a c\">ENG-3101-1 et ENG-3102-2 ou (ENG-3070-3)<\/td>\n<td headers=\"a d\">632-306 ou (630-316)<\/td>\n<td headers=\"b e\">&#8211;<\/td>\n<td headers=\"b f\">&#8211;<\/td>\n<td headers=\"c g\">&#8211;<\/td>\n<td headers=\"c h\">&#8211;<\/td>\n<\/tr>\n<\/tbody>\n<\/table>\n<\/div>\n<p>[\/et_pb_tab][et_pb_tab title=&#8221;Financial assistance for studies \u2013 Quebec&#8221; _builder_version=&#8221;4.17.6&#8243; _module_preset=&#8221;default&#8221; global_colors_info=&#8221;{}&#8221;]<\/p>\n<h3>Aide financi\u00e8re aux \u00e9tudes \u2013 Qu\u00e9bec<\/h3>\n<p>Le programme d&#8217;aide financi\u00e8re aux \u00e9tudes du Minist\u00e8re permet aux \u00e9tudiantes et aux \u00e9tudiants qu\u00e9b\u00e9cois dont les ressources financi\u00e8res sont insuffisantes de poursuivre \u00e0 temps plein ou temps partiel des \u00e9tudes secondaires en formation professionnelle, des \u00e9tudes coll\u00e9giales ou des \u00e9tudes universitaires.<\/p>\n<p><a href=\"about:blank\">www.quebec.ca\/education\/aide-financiere-aux-etudes<\/a><\/p>\n<h3><\/h3>\n<h3>Aide financi\u00e8re aux \u00e9tudiants et planification des \u00e9tudes \u2013 Canada<\/h3>\n<p>Planifiez vos \u00e9tudes, \u00e9conomisez, \u00e9tablissez un budget et renseignez-vous sur l\u2019aide aux \u00e9tudiants et sur les possibilit\u00e9s de carri\u00e8re.<\/p>\n<p><a href=\"about:blank\">www.canada.ca\/fr\/services\/prestations\/education.html<\/a><\/p>\n<p>[\/et_pb_tab][\/et_pb_tabs][et_pb_button button_url=&#8221;https:\/\/ccsrs.ca\/&#8221; url_new_window=&#8221;on&#8221; button_text=&#8221;Apply Now&#8221; _builder_version=&#8221;4.17.6&#8243; _module_preset=&#8221;default&#8221; custom_button=&#8221;on&#8221; button_text_size=&#8221;18px&#8221; button_text_color=&#8221;#ffffff&#8221; button_bg_color=&#8221;#5677b2&#8243; custom_padding=&#8221;|100px||100px|false|false&#8221; hover_enabled=&#8221;0&#8243; global_colors_info=&#8221;{}&#8221; sticky_enabled=&#8221;0&#8243;][\/et_pb_button][\/et_pb_column][\/et_pb_row][\/et_pb_section][et_pb_section fb_built=&#8221;1&#8243; _builder_version=&#8221;4.17.6&#8243; _module_preset=&#8221;default&#8221; background_enable_color=&#8221;off&#8221; custom_padding=&#8221;0px||5px||false|false&#8221; global_module=&#8221;150&#8243; saved_tabs=&#8221;all&#8221; global_colors_info=&#8221;{}&#8221;][et_pb_row _builder_version=&#8221;4.17.6&#8243; _module_preset=&#8221;default&#8221; background_color=&#8221;#5677b2&#8243; width=&#8221;100%&#8221; max_width=&#8221;100%&#8221; module_alignment=&#8221;center&#8221; custom_margin=&#8221;||||false|false&#8221; custom_padding=&#8221;10px||10px||false|false&#8221; global_colors_info=&#8221;{}&#8221;][et_pb_column type=&#8221;4_4&#8243; _builder_version=&#8221;4.17.6&#8243; _module_preset=&#8221;default&#8221; global_colors_info=&#8221;{}&#8221;][et_pb_text _builder_version=&#8221;4.17.6&#8243; _module_preset=&#8221;default&#8221; text_orientation=&#8221;center&#8221; background_layout=&#8221;dark&#8221; global_colors_info=&#8221;{}&#8221;]<\/p>\n<p>Accredited by the Ministry of Education, Coll\u00e8ge Canada inc. is recognized as a\u00a0private educational institution at vocational training level\u00a0&#8211; Permit 660500<\/p>\n<p>[\/et_pb_text][\/et_pb_column][\/et_pb_row][\/et_pb_section][et_pb_section fb_built=&#8221;1&#8243; _builder_version=&#8221;4.17.6&#8243; _module_preset=&#8221;default&#8221; background_enable_color=&#8221;off&#8221; use_background_color_gradient=&#8221;on&#8221; background_color_gradient_direction=&#8221;227deg&#8221; background_color_gradient_stops=&#8221;rgba(33,28,27,0.54) 1%|rgba(34,35,7,0.9) 100%&#8221; background_color_gradient_overlays_image=&#8221;on&#8221; background_image=&#8221;https:\/\/ccdep.ca\/wp-content\/uploads\/2022\/08\/1000_F_277019584_2.jpg&#8221; custom_padding=&#8221;30px||5px||false|false&#8221; global_module=&#8221;151&#8243; saved_tabs=&#8221;all&#8221; global_colors_info=&#8221;{}&#8221;][et_pb_row column_structure=&#8221;1_4,1_4,1_4,1_4&#8243; _builder_version=&#8221;4.17.6&#8243; _module_preset=&#8221;default&#8221; width=&#8221;100%&#8221; max_width=&#8221;1280px&#8221; global_colors_info=&#8221;{}&#8221;][et_pb_column type=&#8221;1_4&#8243; _builder_version=&#8221;4.17.6&#8243; _module_preset=&#8221;default&#8221; global_colors_info=&#8221;{}&#8221;][et_pb_text _builder_version=&#8221;4.17.6&#8243; _module_preset=&#8221;default&#8221; text_orientation=&#8221;center&#8221; background_layout=&#8221;dark&#8221; width=&#8221;60%&#8221; max_width=&#8221;100%&#8221; border_width_bottom=&#8221;1px&#8221; border_color_bottom=&#8221;#FFFFFF&#8221; global_colors_info=&#8221;{}&#8221;]<\/p>\n<h3>ABOUT US<\/h3>\n<p>[\/et_pb_text][et_pb_text _builder_version=&#8221;4.17.6&#8243; _module_preset=&#8221;default&#8221; background_layout=&#8221;dark&#8221; global_colors_info=&#8221;{}&#8221;]<\/p>\n<p><span>Canada College Inc. is founded on the principles of academic excellence, professional support and student success. It accompanies its students in their process of development and integration into Quebec and Canadian society. The college also aims to create a healthy, safe and cooperative environment for its staff.<\/span><\/p>\n<p>[\/et_pb_text][\/et_pb_column][et_pb_column type=&#8221;1_4&#8243; _builder_version=&#8221;4.17.6&#8243; _module_preset=&#8221;default&#8221; global_colors_info=&#8221;{}&#8221;][et_pb_text _builder_version=&#8221;4.17.6&#8243; _module_preset=&#8221;default&#8221; text_orientation=&#8221;center&#8221; background_layout=&#8221;dark&#8221; width=&#8221;60%&#8221; max_width=&#8221;100%&#8221; border_width_bottom=&#8221;1px&#8221; border_color_bottom=&#8221;#FFFFFF&#8221; global_colors_info=&#8221;{}&#8221;]<\/p>\n<h3>QUICK LINKS<\/h3>\n<p>[\/et_pb_text][et_pb_text _builder_version=&#8221;4.17.6&#8243; _module_preset=&#8221;default&#8221; background_layout=&#8221;dark&#8221; custom_padding=&#8221;|||20px|false|false&#8221; global_colors_info=&#8221;{}&#8221;]<\/p>\n<p><span style=\"color: #ffffff;\"><a href=\"https:\/\/ccdep.ca\/bank\/\" style=\"color: #ffffff;\">College Banking Information<\/a><br \/><a href=\"https:\/\/onlinecc.ca\" target=\"_blank\" rel=\"noopener\" style=\"color: #ffffff;\">E-Learning<\/a><br \/><a href=\"https:\/\/collegecanada.omnivox.ca\/Login\/Account\/Login?ReturnUrl=%2fintr\" target=\"_blank\" rel=\"noopener\" style=\"color: #ffffff;\">Omnivox<\/a><\/span><br \/><span style=\"color: #ffffff;\"><a href=\"https:\/\/login.microsoftonline.com\" target=\"_blank\" rel=\"noopener\" style=\"color: #ffffff;\">Microsoft 365<\/a><\/span><\/p>\n<p>[\/et_pb_text][\/et_pb_column][et_pb_column type=&#8221;1_4&#8243; _builder_version=&#8221;4.17.6&#8243; _module_preset=&#8221;default&#8221; custom_padding=&#8221;||||false|false&#8221; global_colors_info=&#8221;{}&#8221;][et_pb_text _builder_version=&#8221;4.17.6&#8243; _module_preset=&#8221;default&#8221; text_orientation=&#8221;center&#8221; background_layout=&#8221;dark&#8221; width=&#8221;70%&#8221; max_width=&#8221;100%&#8221; border_width_bottom=&#8221;1px&#8221; border_color_bottom=&#8221;#FFFFFF&#8221; global_colors_info=&#8221;{}&#8221;]<\/p>\n<h3>OUR PROGRAMS<\/h3>\n<p>[\/et_pb_text][et_pb_text _builder_version=&#8221;4.17.6&#8243; _module_preset=&#8221;default&#8221; background_layout=&#8221;dark&#8221; custom_margin=&#8221;|0px||0px|false|false&#8221; custom_padding=&#8221;|0px||0px|false|false&#8221; global_colors_info=&#8221;{}&#8221;]<\/p>\n<ul>\n<li class=\"text-white\">Health, Assistance and Nursing<\/li>\n<li class=\"text-white\">Institutional and Home Care Assistance<\/li>\n<\/ul>\n<p>[\/et_pb_text][\/et_pb_column][et_pb_column type=&#8221;1_4&#8243; _builder_version=&#8221;4.17.6&#8243; _module_preset=&#8221;default&#8221; global_colors_info=&#8221;{}&#8221;][et_pb_text _builder_version=&#8221;4.17.6&#8243; _module_preset=&#8221;default&#8221; text_orientation=&#8221;center&#8221; background_layout=&#8221;dark&#8221; width=&#8221;60%&#8221; max_width=&#8221;100%&#8221; border_width_bottom=&#8221;1px&#8221; border_color_bottom=&#8221;#FFFFFF&#8221; global_colors_info=&#8221;{}&#8221;]<\/p>\n<h3>CONTACT US<\/h3>\n<p>[\/et_pb_text][et_pb_text _builder_version=&#8221;4.17.6&#8243; _module_preset=&#8221;default&#8221; background_layout=&#8221;dark&#8221; global_colors_info=&#8221;{}&#8221;]<\/p>\n<ul class=\"list-ul\">\n<li><i class=\"fa fa-phone\"><\/i><span style=\"color: #ffffff;\">1-514-770-7957<\/span><\/li>\n<li><i class=\"fa fa-envelope\"><\/i><span style=\"color: #ffffff;\"><a href=\"mailto:support@yourdomain.com\" style=\"color: #ffffff;\">info@ccdep.ca<\/a><br \/><\/span><\/li>\n<\/ul>\n<p><span style=\"color: #ffffff;\"><\/span><\/p>\n<p>1001 Sherbrooke E,<br \/>Montr\u00e9al, QC, Canada<br \/>H2L 1L3<\/p>\n<p>[\/et_pb_text][\/et_pb_column][\/et_pb_row][et_pb_row column_structure=&#8221;1_2,1_2&#8243; _builder_version=&#8221;4.17.6&#8243; _module_preset=&#8221;default&#8221; width=&#8221;100%&#8221; max_width=&#8221;1280px&#8221; custom_padding=&#8221;||0px|||&#8221; global_colors_info=&#8221;{}&#8221;][et_pb_column type=&#8221;1_2&#8243; _builder_version=&#8221;4.17.6&#8243; _module_preset=&#8221;default&#8221; global_colors_info=&#8221;{}&#8221;][et_pb_text _builder_version=&#8221;4.17.6&#8243; _module_preset=&#8221;default&#8221; global_colors_info=&#8221;{}&#8221;]<span style=\"color: #ffffff;\">\u00a9 Copyright 2022 College Canada Inc.| All Rights Reserved.<\/span>[\/et_pb_text][\/et_pb_column][et_pb_column type=&#8221;1_2&#8243; _builder_version=&#8221;4.17.6&#8243; _module_preset=&#8221;default&#8221; global_colors_info=&#8221;{}&#8221;][et_pb_social_media_follow _builder_version=&#8221;4.17.6&#8243; _module_preset=&#8221;default&#8221; text_orientation=&#8221;right&#8221; global_colors_info=&#8221;{}&#8221;][et_pb_social_media_follow_network social_network=&#8221;facebook&#8221; _builder_version=&#8221;4.17.6&#8243; _module_preset=&#8221;default&#8221; background_color=&#8221;#3b5998&#8243; global_colors_info=&#8221;{}&#8221; follow_button=&#8221;off&#8221; url_new_window=&#8221;on&#8221;]facebook[\/et_pb_social_media_follow_network][et_pb_social_media_follow_network social_network=&#8221;twitter&#8221; url=&#8221;https:\/\/twitter.com\/MontrealDep&#8221; _builder_version=&#8221;4.17.6&#8243; _module_preset=&#8221;default&#8221; background_color=&#8221;#00aced&#8221; global_colors_info=&#8221;{}&#8221; follow_button=&#8221;off&#8221; url_new_window=&#8221;on&#8221;]twitter[\/et_pb_social_media_follow_network][et_pb_social_media_follow_network social_network=&#8221;instagram&#8221; url=&#8221;https:\/\/www.instagram.com\/depmontreal\/&#8221; _builder_version=&#8221;4.17.6&#8243; _module_preset=&#8221;default&#8221; background_color=&#8221;#ea2c59&#8243; global_colors_info=&#8221;{}&#8221; follow_button=&#8221;off&#8221; url_new_window=&#8221;on&#8221;]instagram[\/et_pb_social_media_follow_network][et_pb_social_media_follow_network social_network=&#8221;youtube&#8221; url=&#8221;https:\/\/www.youtube.com\/channel\/UCQmnMLR0AO_RGYrgcThngBA&#8221; _builder_version=&#8221;4.17.6&#8243; _module_preset=&#8221;default&#8221; background_color=&#8221;#E02B20&#8243; background_enable_color=&#8221;on&#8221; global_colors_info=&#8221;{}&#8221; follow_button=&#8221;off&#8221; url_new_window=&#8221;on&#8221;]youtube[\/et_pb_social_media_follow_network][\/et_pb_social_media_follow][\/et_pb_column][\/et_pb_row][\/et_pb_section]<\/p>\n","protected":false},"excerpt":{"rendered":"<p>Institutional and Home Care Assistance Code 5858 Diploma DVS Sector Health Services Length of training 870 hours Number of credits 58 Status Program approved in 2017. Program Objectives The Institutional and Home Care Assistance program prepares students for the trade or occupation of patient service associate and home support worker in the health and social [&hellip;]<\/p>\n","protected":false},"author":2,"featured_media":0,"parent":0,"menu_order":0,"comment_status":"closed","ping_status":"closed","template":"","meta":{"_et_pb_use_builder":"on","_et_pb_old_content":"","_et_gb_content_width":"","footnotes":""},"class_list":["post-230","page","type-page","status-publish","hentry"],"_links":{"self":[{"href":"https:\/\/ccdep.ca\/en\/wp-json\/wp\/v2\/pages\/230"}],"collection":[{"href":"https:\/\/ccdep.ca\/en\/wp-json\/wp\/v2\/pages"}],"about":[{"href":"https:\/\/ccdep.ca\/en\/wp-json\/wp\/v2\/types\/page"}],"author":[{"embeddable":true,"href":"https:\/\/ccdep.ca\/en\/wp-json\/wp\/v2\/users\/2"}],"replies":[{"embeddable":true,"href":"https:\/\/ccdep.ca\/en\/wp-json\/wp\/v2\/comments?post=230"}],"version-history":[{"count":19,"href":"https:\/\/ccdep.ca\/en\/wp-json\/wp\/v2\/pages\/230\/revisions"}],"predecessor-version":[{"id":769,"href":"https:\/\/ccdep.ca\/en\/wp-json\/wp\/v2\/pages\/230\/revisions\/769"}],"wp:attachment":[{"href":"https:\/\/ccdep.ca\/en\/wp-json\/wp\/v2\/media?parent=230"}],"curies":[{"name":"wp","href":"https:\/\/api.w.org\/{rel}","templated":true}]}}